{"id":13,"date":"2016-12-03T12:53:04","date_gmt":"2016-12-03T11:53:04","guid":{"rendered":"http:\/\/lolthemes.com\/demo\/wpm\/maxmuseum\/?page_id=13"},"modified":"2023-03-16T10:34:58","modified_gmt":"2023-03-16T09:34:58","slug":"o-muzeju","status":"publish","type":"page","link":"https:\/\/nmks.rs\/eng\/o-muzeju\/","title":{"rendered":"About us"},"content":{"rendered":"<p>[vc_row][vc_column][vc_column_text]<\/p>\n<div class=\"section-header\"><\/div>\n<p><a href=\"http:\/\/nmks.rs\/eng\/wp-content\/uploads\/2018\/09\/about-us.png\"><img loading=\"lazy\" decoding=\"async\" class=\"aligncenter wp-image-869\" src=\"http:\/\/nmks.rs\/eng\/wp-content\/uploads\/2018\/09\/about-us.png\" alt=\"\" width=\"600\" height=\"126\" srcset=\"https:\/\/nmks.rs\/eng\/wp-content\/uploads\/2018\/09\/about-us.png 894w, https:\/\/nmks.rs\/eng\/wp-content\/uploads\/2018\/09\/about-us-300x63.png 300w, https:\/\/nmks.rs\/eng\/wp-content\/uploads\/2018\/09\/about-us-768x162.png 768w, https:\/\/nmks.rs\/eng\/wp-content\/uploads\/2018\/09\/about-us-600x126.png 600w\" sizes=\"auto, (max-width: 600px) 100vw, 600px\" \/><\/a><a href=\"http:\/\/nmks.rs\/wp-content\/uploads\/2018\/07\/o-nama.jpg\"><img loading=\"lazy\" decoding=\"async\" class=\"alignleft wp-image-432\" src=\"http:\/\/nmks.rs\/wp-content\/uploads\/2018\/07\/o-nama.jpg\" alt=\"\" width=\"600\" height=\"346\" srcset=\"https:\/\/nmks.rs\/eng\/wp-content\/uploads\/2018\/07\/o-nama.jpg 940w, https:\/\/nmks.rs\/eng\/wp-content\/uploads\/2018\/07\/o-nama-300x173.jpg 300w, https:\/\/nmks.rs\/eng\/wp-content\/uploads\/2018\/07\/o-nama-768x443.jpg 768w, https:\/\/nmks.rs\/eng\/wp-content\/uploads\/2018\/07\/o-nama-600x346.jpg 600w\" sizes=\"auto, (max-width: 600px) 100vw, 600px\" \/><\/a><\/p>\n<p>Since its founding, on December 15<sup>th<\/sup> 1951, the National Museum Kru\u0161evac performs its basic activity through collection, preservation, protection and exhibition of the movable cultural property and the remains of the native land material culture. Over the decades, it has grown into a significant cultural institution, building a reputable position in the museum network of Serbia. Located in the area of the archaeological park, museum presents the inevitable destination when it comes to cultural and touristic offer of the town.<\/p>\n<p>Initially located in the House of Simi\u0107, over the time museum has outgrown the very building, which became too small for the newly created museum needs. In year 1969 it was given a new place to use, this time within the complex of the Kru\u0161evac Fortress. A permanent museum exhibition, evidencing the historical and cultural development and transformation of Kru\u0161evac and its surrounding, is nowadays settled in the Neoclassical edifice of the former Gymnasium, built in 1863, with the Secessionist decorative elements from 1908. The Museum collection contains about twenty-three thousand museum items of the natural history, archaeological, ethnological, historical, cultural-historical and visual arts character, whose historical stride is over six millenniums long \u2013 from prehistory, over the antiquity and the Middle Ages, through the Ottoman supremacy period and the restoration of the Serbian statehood, up to the middle XX century.<\/p>\n<p>The prehistoric and antique jewellery and pottery, the enviable collection of the medieval weapons, tools, jewellery and ceramics, a replica of the Prince Lazar\u2019s dress, rich ethnological collection, the legacy of the Bini\u010dki family with musical manuscript of <em>The March on the Drina <\/em>and the model of <em>The Vidovdan Temple<\/em> by Me\u0161trovic, are only some of the exhibits from the permanent Museum exhibition exceeding the local framework with its cultural-historical significance.<\/p>\n<p>Apart from the exhibition activities, Museum dedicates a due attention to the research, publishing, cultural-educational and pedagogical activities, as well as to the affirmation of the authentic values of the native land. In this regard, Museum presents rich cultural heritage through exhibitions, catalogues, professional publications and media. As a significant moment in the cultural-educational and pedagogical work, the Museum provides organization of lectures and professional guidance through the permanent exhibition, the use of Museum library resources, the assistance in professional papers preparation and the possibility of teaching and extracurricular activities realization, where cooperation with educational institutions at the local level should be particularly emphasized. National Museum Kru\u0161evac achieves its policy also through the readiness for cooperation with institutions and individuals through lectures, seminars, promotions, tribunes, musical shows and similar events, all of which are aimed at the popularization of the museum contents, as well as at the greater participation of public in their creation.<\/p>\n<p>Besides the central building in the medieval Kru\u0161evac Fortress, within the framework of the National Museum Kru\u0161evac there are also The House of Simi\u0107, The Art Gallery and The Memorial Complex <em>Slobodi\u0161te.<\/em><\/p>\n<p>Professional guide services are available to visitors for the tour around all Museum facilities in town. The exhibition guidance is available in Serbian and English language.<\/p>\n<p><strong>National Museum Kru\u0161evac is open for visitors every day, including weekends and holidays, 8\u201320h.<\/strong><\/p>\n<p>TICKETS: individual<strong> 200 <\/strong>dinars; group visits (min. 5 people) <strong>150<\/strong> dinars[\/vc_column_text][\/vc_column][\/vc_row][vc_row][vc_column]\t\r\n\t\t\t<!-- Counter Section -->\r\n\t\t\t\t<div class=\"container-fluid counter-section\">\r\n\t\t\t\t\t<!-- Container -->\r\n\t\t\t\t\t<div class=\"container\">\r\n\t\t\t\t\t\t\t\t\t\t\t\t\t\t<div class=\"col-md-3 col-sm-6 col-xs-6\">\r\n\t\t\t\t\t\t\t\t\t<div class=\"counter-box\">\r\n\t\t\t\t\t\t\t\t\t\t\t\t\t\t\t\t\t\t\t\t\t\t<i class=\"icon icon-WorldWide\"><\/i>\r\n\t\t\t\t\t\t\t\t\t\t\t\t\t\t\t\t\t\t\t\t\t\t<h3><span class=\"count\" id=\"statistics_count-1\" data-statistics_percent=\"22000\"> &nbsp;<\/span>+<\/h3>\r\n\t\t\t\t\t\t\t\t\t\t\t\t\t\t\t\t\t\t\t\t\t\t<p>visitors per year<\/p>\r\n\t\t\t\t\t\t\t\t\t\t\t\t\t\t\t\t\t\t\t\t\t<\/div>\r\n\t\t\t\t\t\t\t\t<\/div>\r\n\t\t\t\t\t\t\t\t\t\t\t\t\t\t\t\t<div class=\"col-md-3 col-sm-6 col-xs-6\">\r\n\t\t\t\t\t\t\t\t\t<div class=\"counter-box\">\r\n\t\t\t\t\t\t\t\t\t\t\t\t\t\t\t\t\t\t\t\t\t\t<i class=\"icon icon-Layers\"><\/i>\r\n\t\t\t\t\t\t\t\t\t\t\t\t\t\t\t\t\t\t\t\t\t\t<h3><span class=\"count\" id=\"statistics_count-2\" data-statistics_percent=\"316\"> &nbsp;<\/span><\/h3>\r\n\t\t\t\t\t\t\t\t\t\t\t\t\t\t\t\t\t\t\t\t\t\t<p>sets of exhibitions<\/p>\r\n\t\t\t\t\t\t\t\t\t\t\t\t\t\t\t\t\t\t\t\t\t<\/div>\r\n\t\t\t\t\t\t\t\t<\/div>\r\n\t\t\t\t\t\t\t\t\t\t\t\t\t\t\t\t<div class=\"col-md-3 col-sm-6 col-xs-6\">\r\n\t\t\t\t\t\t\t\t\t<div class=\"counter-box\">\r\n\t\t\t\t\t\t\t\t\t\t\t\t\t\t\t\t\t\t\t\t\t\t<i class=\"icon icon-Crown\"><\/i>\r\n\t\t\t\t\t\t\t\t\t\t\t\t\t\t\t\t\t\t\t\t\t\t<h3><span class=\"count\" id=\"statistics_count-3\" data-statistics_percent=\"67\"> &nbsp;<\/span><\/h3>\r\n\t\t\t\t\t\t\t\t\t\t\t\t\t\t\t\t\t\t\t\t\t\t<p>years behind us<\/p>\r\n\t\t\t\t\t\t\t\t\t\t\t\t\t\t\t\t\t\t\t\t\t<\/div>\r\n\t\t\t\t\t\t\t\t<\/div>\r\n\t\t\t\t\t\t\t\t\t\t\t\t\t\t\t\t<div class=\"col-md-3 col-sm-6 col-xs-6\">\r\n\t\t\t\t\t\t\t\t\t<div class=\"counter-box\">\r\n\t\t\t\t\t\t\t\t\t\t\t\t\t\t\t\t\t\t\t\t\t\t<i class=\"icon icon-Medal\"><\/i>\r\n\t\t\t\t\t\t\t\t\t\t\t\t\t\t\t\t\t\t\t\t\t\t<h3><span class=\"count\" id=\"statistics_count-4\" data-statistics_percent=\"23000\"> &nbsp;<\/span>+<\/h3>\r\n\t\t\t\t\t\t\t\t\t\t\t\t\t\t\t\t\t\t\t\t\t\t<p>collected artifacts<\/p>\r\n\t\t\t\t\t\t\t\t\t\t\t\t\t\t\t\t\t\t\t\t\t<\/div>\r\n\t\t\t\t\t\t\t\t<\/div>\r\n\t\t\t\t\t\t\t\t\t\t\t\t\t<\/div><!-- Container \/- -->\r\n\t\t\t\t<\/div><!-- Counter Section \/- -->\r\n\t\t\t\t[\/vc_column][\/vc_row][vc_row][vc_column css_animation=&#8221;fadeIn&#8221;]\t\r\n\t\t<!-- Clients Section -->\r\n\t\t<div class=\"container-fluid clients-section\" style='background-image: url(https:\/\/nmks.rs\/eng\/wp-content\/uploads\/2018\/07\/saradnja.jpg);'>\r\n\t\t\t<!-- Container -->\r\n\t\t\t<div class=\"container\">\r\n\t\t\t\t<div class=\"clients-carousel\">\r\n\t\t\t\t\t\t\t\t\t\t\t<div class=\"col-md-12 item\">\r\n\t\t\t\t\t\t\t\t<a href=\"http:\/\/www.kultura.gov.rs\/\" title=\"client\">\r\n\t\t\t\t\t\t\t\t\t<img loading=\"lazy\" decoding=\"async\" width=\"252\" height=\"86\" src=\"https:\/\/nmks.rs\/eng\/wp-content\/uploads\/2018\/08\/Ministarstvo.png\" class=\"attachment-full size-full\" alt=\"\" \/>\t\t\t\t\t\t\t\t<\/a>\r\n\t\t\t\t\t\t\t<\/div>\r\n\t\t\t\t\t\t\t\t\t\t\t\t\t\t<div class=\"col-md-12 item\">\r\n\t\t\t\t\t\t\t\t<a href=\"http:\/\/krusevac.rs\/\" title=\"client\">\r\n\t\t\t\t\t\t\t\t\t<img loading=\"lazy\" decoding=\"async\" width=\"252\" height=\"86\" src=\"https:\/\/nmks.rs\/eng\/wp-content\/uploads\/2018\/08\/gradKrusevac.png\" class=\"attachment-full size-full\" alt=\"\" \/>\t\t\t\t\t\t\t\t<\/a>\r\n\t\t\t\t\t\t\t<\/div>\r\n\t\t\t\t\t\t\t\t\t\t\t\t\t\t<div class=\"col-md-12 item\">\r\n\t\t\t\t\t\t\t\t<a href=\"http:\/\/www.narodnimuzej.rs\/\" title=\"client\">\r\n\t\t\t\t\t\t\t\t\t<img loading=\"lazy\" decoding=\"async\" width=\"252\" height=\"86\" src=\"https:\/\/nmks.rs\/eng\/wp-content\/uploads\/2018\/08\/NarodniMuzej.png\" class=\"attachment-full size-full\" alt=\"\" \/>\t\t\t\t\t\t\t\t<\/a>\r\n\t\t\t\t\t\t\t<\/div>\r\n\t\t\t\t\t\t\t\t\t\t\t\t\t\t<div class=\"col-md-12 item\">\r\n\t\t\t\t\t\t\t\t<a href=\"http:\/\/zzskv.rs\/\" title=\"client\">\r\n\t\t\t\t\t\t\t\t\t<img loading=\"lazy\" decoding=\"async\" width=\"252\" height=\"86\" src=\"https:\/\/nmks.rs\/eng\/wp-content\/uploads\/2018\/08\/ZZSKKV.png\" class=\"attachment-full size-full\" alt=\"\" \/>\t\t\t\t\t\t\t\t<\/a>\r\n\t\t\t\t\t\t\t<\/div>\r\n\t\t\t\t\t\t\t\t\t\t\t\t\t\t<div class=\"col-md-12 item\">\r\n\t\t\t\t\t\t\t\t<a href=\"http:\/\/www.mdsrbija.org\/\" title=\"client\">\r\n\t\t\t\t\t\t\t\t\t<img loading=\"lazy\" decoding=\"async\" width=\"252\" height=\"86\" src=\"https:\/\/nmks.rs\/eng\/wp-content\/uploads\/2018\/08\/MDS.png\" class=\"attachment-full size-full\" alt=\"\" \/>\t\t\t\t\t\t\t\t<\/a>\r\n\t\t\t\t\t\t\t<\/div>\r\n\t\t\t\t\t\t\t\t\t\r\n\t\t\t\t<\/div>\r\n\t\t\t<\/div><!-- Container \/- -->\r\n\t\t<\/div><!-- Clients Section \/- -->\r\n\t\t[\/vc_column][\/vc_row]<\/p>\n","protected":false},"excerpt":{"rendered":"<p>[vc_row][vc_column][vc_column_text] Since its founding, on December 15th 1951, the National Museum Kru\u0161evac performs its basic activity through collection, preservation, protection and exhibition of the movable cultural property and the remains of the native land material culture. Over the decades, it has grown into a significant cultural institution, building a reputable position in the museum network [&hellip;]<\/p>\n","protected":false},"author":1,"featured_media":0,"parent":0,"menu_order":0,"comment_status":"closed","ping_status":"closed","template":"","meta":{"footnotes":""},"class_list":["post-13","page","type-page","status-publish","hentry"],"yoast_head":"<!-- This site is optimized with the Yoast SEO plugin v25.4 - https:\/\/yoast.com\/wordpress\/plugins\/seo\/ -->\n<title>About us - \u041d\u0430\u0440\u043e\u0434\u043d\u0438 \u043c\u0443\u0437\u0435\u0458 \u041a\u0440\u0443\u0448\u0435\u0432\u0430\u0446<\/title>\n<meta name=\"robots\" content=\"index, follow, max-snippet:-1, max-image-preview:large, max-video-preview:-1\" \/>\n<link rel=\"canonical\" href=\"https:\/\/nmks.rs\/eng\/o-muzeju\/\" \/>\n<meta property=\"og:locale\" content=\"en_US\" \/>\n<meta property=\"og:type\" content=\"article\" \/>\n<meta property=\"og:title\" content=\"About us - \u041d\u0430\u0440\u043e\u0434\u043d\u0438 \u043c\u0443\u0437\u0435\u0458 \u041a\u0440\u0443\u0448\u0435\u0432\u0430\u0446\" \/>\n<meta property=\"og:description\" content=\"[vc_row][vc_column][vc_column_text] Since its founding, on December 15th 1951, the National Museum Kru\u0161evac performs its basic activity through collection, preservation, protection and exhibition of the movable cultural property and the remains of the native land material culture. Over the decades, it has grown into a significant cultural institution, building a reputable position in the museum network [&hellip;]\" \/>\n<meta property=\"og:url\" content=\"https:\/\/nmks.rs\/eng\/o-muzeju\/\" \/>\n<meta property=\"og:site_name\" content=\"\u041d\u0430\u0440\u043e\u0434\u043d\u0438 \u043c\u0443\u0437\u0435\u0458 \u041a\u0440\u0443\u0448\u0435\u0432\u0430\u0446\" \/>\n<meta property=\"article:modified_time\" content=\"2023-03-16T09:34:58+00:00\" \/>\n<meta property=\"og:image\" content=\"http:\/\/nmks.rs\/eng\/wp-content\/uploads\/2018\/09\/about-us.png\" \/>\n<meta name=\"twitter:card\" content=\"summary_large_image\" \/>\n<meta name=\"twitter:label1\" content=\"Est. reading time\" \/>\n\t<meta name=\"twitter:data1\" content=\"3 minutes\" \/>\n<script type=\"application\/ld+json\" class=\"yoast-schema-graph\">{\"@context\":\"https:\/\/schema.org\",\"@graph\":[{\"@type\":\"WebPage\",\"@id\":\"https:\/\/nmks.rs\/eng\/o-muzeju\/\",\"url\":\"https:\/\/nmks.rs\/eng\/o-muzeju\/\",\"name\":\"About us - \u041d\u0430\u0440\u043e\u0434\u043d\u0438 \u043c\u0443\u0437\u0435\u0458 \u041a\u0440\u0443\u0448\u0435\u0432\u0430\u0446\",\"isPartOf\":{\"@id\":\"https:\/\/nmks.rs\/eng\/#website\"},\"primaryImageOfPage\":{\"@id\":\"https:\/\/nmks.rs\/eng\/o-muzeju\/#primaryimage\"},\"image\":{\"@id\":\"https:\/\/nmks.rs\/eng\/o-muzeju\/#primaryimage\"},\"thumbnailUrl\":\"http:\/\/nmks.rs\/eng\/wp-content\/uploads\/2018\/09\/about-us.png\",\"datePublished\":\"2016-12-03T11:53:04+00:00\",\"dateModified\":\"2023-03-16T09:34:58+00:00\",\"breadcrumb\":{\"@id\":\"https:\/\/nmks.rs\/eng\/o-muzeju\/#breadcrumb\"},\"inLanguage\":\"en-US\",\"potentialAction\":[{\"@type\":\"ReadAction\",\"target\":[\"https:\/\/nmks.rs\/eng\/o-muzeju\/\"]}]},{\"@type\":\"ImageObject\",\"inLanguage\":\"en-US\",\"@id\":\"https:\/\/nmks.rs\/eng\/o-muzeju\/#primaryimage\",\"url\":\"http:\/\/nmks.rs\/eng\/wp-content\/uploads\/2018\/09\/about-us.png\",\"contentUrl\":\"http:\/\/nmks.rs\/eng\/wp-content\/uploads\/2018\/09\/about-us.png\"},{\"@type\":\"BreadcrumbList\",\"@id\":\"https:\/\/nmks.rs\/eng\/o-muzeju\/#breadcrumb\",\"itemListElement\":[{\"@type\":\"ListItem\",\"position\":1,\"name\":\"\u041f\u043e\u0447\u0435\u0442\u043d\u0430\",\"item\":\"https:\/\/nmks.rs\/eng\/\"},{\"@type\":\"ListItem\",\"position\":2,\"name\":\"About us\"}]},{\"@type\":\"WebSite\",\"@id\":\"https:\/\/nmks.rs\/eng\/#website\",\"url\":\"https:\/\/nmks.rs\/eng\/\",\"name\":\"\u041d\u0430\u0440\u043e\u0434\u043d\u0438 \u043c\u0443\u0437\u0435\u0458 \u041a\u0440\u0443\u0448\u0435\u0432\u0430\u0446\",\"description\":\"\u041d\u0430\u0440\u043e\u0434\u043d\u0438 \u043c\u0443\u0437\u0435\u0458 \u041a\u0440\u0443\u0448\u0435\u0432\u0430\u0446\",\"potentialAction\":[{\"@type\":\"SearchAction\",\"target\":{\"@type\":\"EntryPoint\",\"urlTemplate\":\"https:\/\/nmks.rs\/eng\/?s={search_term_string}\"},\"query-input\":{\"@type\":\"PropertyValueSpecification\",\"valueRequired\":true,\"valueName\":\"search_term_string\"}}],\"inLanguage\":\"en-US\"}]}<\/script>\n<!-- \/ Yoast SEO plugin. -->","yoast_head_json":{"title":"About us - \u041d\u0430\u0440\u043e\u0434\u043d\u0438 \u043c\u0443\u0437\u0435\u0458 \u041a\u0440\u0443\u0448\u0435\u0432\u0430\u0446","robots":{"index":"index","follow":"follow","max-snippet":"max-snippet:-1","max-image-preview":"max-image-preview:large","max-video-preview":"max-video-preview:-1"},"canonical":"https:\/\/nmks.rs\/eng\/o-muzeju\/","og_locale":"en_US","og_type":"article","og_title":"About us - \u041d\u0430\u0440\u043e\u0434\u043d\u0438 \u043c\u0443\u0437\u0435\u0458 \u041a\u0440\u0443\u0448\u0435\u0432\u0430\u0446","og_description":"[vc_row][vc_column][vc_column_text] Since its founding, on December 15th 1951, the National Museum Kru\u0161evac performs its basic activity through collection, preservation, protection and exhibition of the movable cultural property and the remains of the native land material culture. Over the decades, it has grown into a significant cultural institution, building a reputable position in the museum network [&hellip;]","og_url":"https:\/\/nmks.rs\/eng\/o-muzeju\/","og_site_name":"\u041d\u0430\u0440\u043e\u0434\u043d\u0438 \u043c\u0443\u0437\u0435\u0458 \u041a\u0440\u0443\u0448\u0435\u0432\u0430\u0446","article_modified_time":"2023-03-16T09:34:58+00:00","og_image":[{"url":"http:\/\/nmks.rs\/eng\/wp-content\/uploads\/2018\/09\/about-us.png","type":"","width":"","height":""}],"twitter_card":"summary_large_image","twitter_misc":{"Est. reading time":"3 minutes"},"schema":{"@context":"https:\/\/schema.org","@graph":[{"@type":"WebPage","@id":"https:\/\/nmks.rs\/eng\/o-muzeju\/","url":"https:\/\/nmks.rs\/eng\/o-muzeju\/","name":"About us - \u041d\u0430\u0440\u043e\u0434\u043d\u0438 \u043c\u0443\u0437\u0435\u0458 \u041a\u0440\u0443\u0448\u0435\u0432\u0430\u0446","isPartOf":{"@id":"https:\/\/nmks.rs\/eng\/#website"},"primaryImageOfPage":{"@id":"https:\/\/nmks.rs\/eng\/o-muzeju\/#primaryimage"},"image":{"@id":"https:\/\/nmks.rs\/eng\/o-muzeju\/#primaryimage"},"thumbnailUrl":"http:\/\/nmks.rs\/eng\/wp-content\/uploads\/2018\/09\/about-us.png","datePublished":"2016-12-03T11:53:04+00:00","dateModified":"2023-03-16T09:34:58+00:00","breadcrumb":{"@id":"https:\/\/nmks.rs\/eng\/o-muzeju\/#breadcrumb"},"inLanguage":"en-US","potentialAction":[{"@type":"ReadAction","target":["https:\/\/nmks.rs\/eng\/o-muzeju\/"]}]},{"@type":"ImageObject","inLanguage":"en-US","@id":"https:\/\/nmks.rs\/eng\/o-muzeju\/#primaryimage","url":"http:\/\/nmks.rs\/eng\/wp-content\/uploads\/2018\/09\/about-us.png","contentUrl":"http:\/\/nmks.rs\/eng\/wp-content\/uploads\/2018\/09\/about-us.png"},{"@type":"BreadcrumbList","@id":"https:\/\/nmks.rs\/eng\/o-muzeju\/#breadcrumb","itemListElement":[{"@type":"ListItem","position":1,"name":"\u041f\u043e\u0447\u0435\u0442\u043d\u0430","item":"https:\/\/nmks.rs\/eng\/"},{"@type":"ListItem","position":2,"name":"About us"}]},{"@type":"WebSite","@id":"https:\/\/nmks.rs\/eng\/#website","url":"https:\/\/nmks.rs\/eng\/","name":"\u041d\u0430\u0440\u043e\u0434\u043d\u0438 \u043c\u0443\u0437\u0435\u0458 \u041a\u0440\u0443\u0448\u0435\u0432\u0430\u0446","description":"\u041d\u0430\u0440\u043e\u0434\u043d\u0438 \u043c\u0443\u0437\u0435\u0458 \u041a\u0440\u0443\u0448\u0435\u0432\u0430\u0446","potentialAction":[{"@type":"SearchAction","target":{"@type":"EntryPoint","urlTemplate":"https:\/\/nmks.rs\/eng\/?s={search_term_string}"},"query-input":{"@type":"PropertyValueSpecification","valueRequired":true,"valueName":"search_term_string"}}],"inLanguage":"en-US"}]}},"_links":{"self":[{"href":"https:\/\/nmks.rs\/eng\/wp-json\/wp\/v2\/pages\/13","targetHints":{"allow":["GET"]}}],"collection":[{"href":"https:\/\/nmks.rs\/eng\/wp-json\/wp\/v2\/pages"}],"about":[{"href":"https:\/\/nmks.rs\/eng\/wp-json\/wp\/v2\/types\/page"}],"author":[{"embeddable":true,"href":"https:\/\/nmks.rs\/eng\/wp-json\/wp\/v2\/users\/1"}],"replies":[{"embeddable":true,"href":"https:\/\/nmks.rs\/eng\/wp-json\/wp\/v2\/comments?post=13"}],"version-history":[{"count":40,"href":"https:\/\/nmks.rs\/eng\/wp-json\/wp\/v2\/pages\/13\/revisions"}],"predecessor-version":[{"id":954,"href":"https:\/\/nmks.rs\/eng\/wp-json\/wp\/v2\/pages\/13\/revisions\/954"}],"wp:attachment":[{"href":"https:\/\/nmks.rs\/eng\/wp-json\/wp\/v2\/media?parent=13"}],"curies":[{"name":"wp","href":"https:\/\/api.w.org\/{rel}","templated":true}]}}